{"id":8,"date":"2017-06-27T09:30:19","date_gmt":"2017-06-27T12:30:19","guid":{"rendered":"http:\/\/184.172.11.187\/~itraccom\/novo\/?page_id=8"},"modified":"2017-07-17T14:30:40","modified_gmt":"2017-07-17T17:30:40","slug":"sobre-a-itrac","status":"publish","type":"page","link":"http:\/\/itrac.com.br\/index.php\/sobre-a-itrac\/","title":{"rendered":"Sobre a Itrac"},"content":{"rendered":"<p>[vc_row 0=&#8221;&#8221; css=&#8221;.vc_custom_1500257200824{margin-top: 30px !important;margin-bottom: 35px !important;}&#8221;][vc_column 0=&#8221;&#8221;][vc_single_image image=&#8221;115&#8243; img_size=&#8221;full&#8221; alignment=&#8221;center&#8221;][vc_row_inner][vc_column_inner width=&#8221;1\/6&#8243;][\/vc_column_inner][vc_column_inner width=&#8221;2\/3&#8243;][vc_column_text 0=&#8221;&#8221;]<\/p>\n<p style=\"text-align: center;\">A ITRAC \u00e9 uma importadora especializada na distribui\u00e7\u00e3o de produtos para as ind\u00fastrias de m\u00e1rmores, granitos, constru\u00e7\u00e3o em geral, revitaliza\u00e7\u00e3o de pisos dentre outras. Atuando no mercado desde 2010, nosso grande diferencial \u00e9 trabalhar com produtos de qualidade, gerando satisfa\u00e7\u00e3o e retorno financeiro para os nossos parceiros.<\/p>\n<p style=\"text-align: center;\">Com uma equipe enxuta e qualificada, trabalhamos em parceria com as principais transportadoras do Brasil, encurtando assim o prazo em que os produtos chegam ao estoque ap\u00f3s o pedido e reduzindo a necessidade de um grande estoque f\u00edsico para os nossos clientes.<\/p>\n<p style=\"text-align: center;\">Al\u00e9m disso, prezamos pelo compromisso e transpar\u00eancia em nossas rela\u00e7\u00f5es e estamos sempre atentos \u00e0 evolu\u00e7\u00e3o do mercado para que possamos cumprir com os objetivos tra\u00e7ados.<\/p>\n<p>[\/vc_column_text][\/vc_column_inner][vc_column_inner width=&#8221;1\/6&#8243;][\/vc_column_inner][\/vc_row_inner][\/vc_column][\/vc_row][vc_row css=&#8221;.vc_custom_1500257243948{margin-top: 80px !important;margin-bottom: 0px !important;}&#8221;][vc_column css=&#8221;.vc_custom_1500257160849{margin-bottom: 0px !important;}&#8221;][vc_single_image image=&#8221;114&#8243; img_size=&#8221;full&#8221; alignment=&#8221;center&#8221; css=&#8221;.vc_custom_1500257185563{margin-bottom: 0px !important;}&#8221;][\/vc_column][\/vc_row]<\/p>\n","protected":false},"excerpt":{"rendered":"<p>[vc_row 0=&#8221;&#8221; css=&#8221;.vc_custom_1500257200824{margin-top: 30px !important;margin-bottom: 35px !important;}&#8221;][vc_column 0=&#8221;&#8221;][vc_single_image image=&#8221;115&#8243; img_size=&#8221;full&#8221; alignment=&#8221;center&#8221;][vc_row_inner][vc_column_inner width=&#8221;1\/6&#8243;][\/vc_column_inner][vc_column_inner width=&#8221;2\/3&#8243;][vc_column_text 0=&#8221;&#8221;] A ITRAC \u00e9 uma importadora especializada na distribui\u00e7\u00e3o de produtos para as<span class=\"excerpt-hellip\"> [\u2026]<\/span><\/p>\n","protected":false},"author":1,"featured_media":0,"parent":0,"menu_order":0,"comment_status":"closed","ping_status":"closed","template":"","meta":[],"_links":{"self":[{"href":"http:\/\/itrac.com.br\/index.php\/wp-json\/wp\/v2\/pages\/8"}],"collection":[{"href":"http:\/\/itrac.com.br\/index.php\/wp-json\/wp\/v2\/pages"}],"about":[{"href":"http:\/\/itrac.com.br\/index.php\/wp-json\/wp\/v2\/types\/page"}],"author":[{"embeddable":true,"href":"http:\/\/itrac.com.br\/index.php\/wp-json\/wp\/v2\/users\/1"}],"replies":[{"embeddable":true,"href":"http:\/\/itrac.com.br\/index.php\/wp-json\/wp\/v2\/comments?post=8"}],"version-history":[{"count":5,"href":"http:\/\/itrac.com.br\/index.php\/wp-json\/wp\/v2\/pages\/8\/revisions"}],"predecessor-version":[{"id":117,"href":"http:\/\/itrac.com.br\/index.php\/wp-json\/wp\/v2\/pages\/8\/revisions\/117"}],"wp:attachment":[{"href":"http:\/\/itrac.com.br\/index.php\/wp-json\/wp\/v2\/media?parent=8"}],"curies":[{"name":"wp","href":"https:\/\/api.w.org\/{rel}","templated":true}]}}