{"id":75,"date":"2017-07-02T20:12:10","date_gmt":"2017-07-02T23:12:10","guid":{"rendered":"http:\/\/184.172.11.187\/~itraccom\/novo\/?page_id=75"},"modified":"2017-12-11T16:15:53","modified_gmt":"2017-12-11T18:15:53","slug":"acessorios-e-epis","status":"publish","type":"page","link":"http:\/\/itrac.com.br\/index.php\/acessorios-e-epis\/","title":{"rendered":"Acess\u00f3rios e EPIs"},"content":{"rendered":"<p>[vc_row][vc_column][vc_row_inner css=&#8221;.vc_custom_1500258121952{margin-top: 0px !important;margin-bottom: 50px !important;border-bottom-width: 1px !important;padding-bottom: 70px !important;border-bottom-color: #c9c9c9 !important;border-bottom-style: solid !important;border-radius: 1px !important;}&#8221;][vc_column_inner width=&#8221;1\/3&#8243;][vc_single_image image=&#8221;165&#8243; img_size=&#8221;full&#8221; alignment=&#8221;center&#8221; onclick=&#8221;zoom&#8221;][\/vc_column_inner][vc_column_inner width=&#8221;2\/3&#8243;][vc_column_text]<\/p>\n<h2>Suportes Variados<\/h2>\n<p><strong>Suportes para lixas com velcro: <\/strong>Nossos suportes foram criteriosamente desenvolvidos para garantir uma maior durabilidade do velcro, evitando o descolamento precoce do mesmo. Permite uma grande ader\u00eancia da lixa evitando o descolamento da mesma quando utilizada.<\/p>\n<p><strong>Suporte para lixas sem velcro:<\/strong> Os suportes para lixas sem velcro.[\/vc_column_text][\/vc_column_inner][\/vc_row_inner][vc_row_inner css=&#8221;.vc_custom_1500258121952{margin-top: 0px !important;margin-bottom: 50px !important;border-bottom-width: 1px !important;padding-bottom: 70px !important;border-bottom-color: #c9c9c9 !important;border-bottom-style: solid !important;border-radius: 1px !important;}&#8221;][vc_column_inner width=&#8221;1\/3&#8243;][vc_single_image image=&#8221;164&#8243; img_size=&#8221;full&#8221; alignment=&#8221;center&#8221; onclick=&#8221;zoom&#8221;][\/vc_column_inner][vc_column_inner width=&#8221;2\/3&#8243;][vc_column_text]<\/p>\n<h2>Dimmer Bivolt 3000W<\/h2>\n<p>Mais uma solu\u00e7\u00e3o trazida pela Itrac para o mercado. O Dimmer Bivolt 3000W pode ser utilizados em quase todas as ferramentas el\u00e9tricas utilizadas nas marmorarias e de uso geral, desde que observado a sua pot\u00eancia. Com o Dimmer Bivolt 3000W n\u00e3o h\u00e1 mais necessidade de se ter altos custos de manuten\u00e7\u00e3o quando os controles eletr\u00f4nicos de velocidades das politrizes queimar.<\/p>\n<p>Adquirindo o Dimmer Bivolt 3000W voc\u00ea exclui o \u00fanico componente eletr\u00f4nico da m\u00e1quina e passa a fazer o controle de velocidade na tomada, longe da \u00e1gua que \u00e9 a maior causa dos danos causados aos controles eletr\u00f4nicos de velocidade.[\/vc_column_text][\/vc_column_inner][\/vc_row_inner][vc_row_inner css=&#8221;.vc_custom_1500746791509{margin-top: 0px !important;margin-bottom: 50px !important;border-bottom-width: 0px !important;padding-bottom: 70px !important;border-bottom-color: #c9c9c9 !important;border-bottom-style: solid !important;border-radius: 1px !important;}&#8221;][vc_column_inner width=&#8221;1\/3&#8243;][vc_single_image image=&#8221;227&#8243; img_size=&#8221;full&#8221; alignment=&#8221;center&#8221; onclick=&#8221;zoom&#8221;][\/vc_column_inner][vc_column_inner width=&#8221;2\/3&#8243;][vc_column_text]<\/p>\n<h2>Metro Sueco Hultafors<\/h2>\n<p>Detalhes do Produto Metro de Fibra Pl\u00e1stica com Poliamida (Nylon)<br \/>\nEscala em Mil\u00edmetros &#8211;\u00a012 Dobras[\/vc_column_text][\/vc_column_inner][\/vc_row_inner][vc_separator][vc_row_inner css=&#8221;.vc_custom_1500746791509{margin-top: 0px !important;margin-bottom: 50px !important;border-bottom-width: 0px !important;padding-bottom: 70px !important;border-bottom-color: #c9c9c9 !important;border-bottom-style: solid !important;border-radius: 1px !important;}&#8221;][vc_column_inner width=&#8221;1\/3&#8243;][vc_single_image image=&#8221;222&#8243; img_size=&#8221;full&#8221; alignment=&#8221;center&#8221; onclick=&#8221;zoom&#8221;][\/vc_column_inner][vc_column_inner width=&#8221;2\/3&#8243;][vc_column_text]<\/p>\n<h2>Refil de Velcro<\/h2>\n<p>Velcro com adesivo para substituir nos suportes de 100mm e 180mm quando o mesmo estiver desgastado.[\/vc_column_text][\/vc_column_inner][\/vc_row_inner][\/vc_column][\/vc_row][vc_row][vc_column][\/vc_column][\/vc_row]<\/p>\n","protected":false},"excerpt":{"rendered":"<p>[vc_row][vc_column][vc_row_inner css=&#8221;.vc_custom_1500258121952{margin-top: 0px !important;margin-bottom: 50px !important;border-bottom-width: 1px !important;padding-bottom: 70px !important;border-bottom-color: #c9c9c9 !important;border-bottom-style: solid !important;border-radius: 1px !important;}&#8221;][vc_column_inner width=&#8221;1\/3&#8243;][vc_single_image image=&#8221;165&#8243; img_size=&#8221;full&#8221; alignment=&#8221;center&#8221; onclick=&#8221;zoom&#8221;][\/vc_column_inner][vc_column_inner width=&#8221;2\/3&#8243;][vc_column_text] Suportes Variados Suportes para<span class=\"excerpt-hellip\"> [\u2026]<\/span><\/p>\n","protected":false},"author":1,"featured_media":0,"parent":0,"menu_order":0,"comment_status":"closed","ping_status":"closed","template":"","meta":[],"_links":{"self":[{"href":"http:\/\/itrac.com.br\/index.php\/wp-json\/wp\/v2\/pages\/75"}],"collection":[{"href":"http:\/\/itrac.com.br\/index.php\/wp-json\/wp\/v2\/pages"}],"about":[{"href":"http:\/\/itrac.com.br\/index.php\/wp-json\/wp\/v2\/types\/page"}],"author":[{"embeddable":true,"href":"http:\/\/itrac.com.br\/index.php\/wp-json\/wp\/v2\/users\/1"}],"replies":[{"embeddable":true,"href":"http:\/\/itrac.com.br\/index.php\/wp-json\/wp\/v2\/comments?post=75"}],"version-history":[{"count":9,"href":"http:\/\/itrac.com.br\/index.php\/wp-json\/wp\/v2\/pages\/75\/revisions"}],"predecessor-version":[{"id":228,"href":"http:\/\/itrac.com.br\/index.php\/wp-json\/wp\/v2\/pages\/75\/revisions\/228"}],"wp:attachment":[{"href":"http:\/\/itrac.com.br\/index.php\/wp-json\/wp\/v2\/media?parent=75"}],"curies":[{"name":"wp","href":"https:\/\/api.w.org\/{rel}","templated":true}]}}