{"id":69,"date":"2017-07-02T20:11:32","date_gmt":"2017-07-02T23:11:32","guid":{"rendered":"http:\/\/184.172.11.187\/~itraccom\/novo\/?page_id=69"},"modified":"2018-02-20T14:50:19","modified_gmt":"2018-02-20T17:50:19","slug":"diamantados","status":"publish","type":"page","link":"http:\/\/itrac.com.br\/index.php\/diamantados\/","title":{"rendered":"Diamantados"},"content":{"rendered":"<p>[vc_row][vc_column][vc_row_inner css=&#8221;.vc_custom_1500258121952{margin-top: 0px !important;margin-bottom: 50px !important;border-bottom-width: 1px !important;padding-bottom: 70px !important;border-bottom-color: #c9c9c9 !important;border-bottom-style: solid !important;border-radius: 1px !important;}&#8221;][vc_column_inner width=&#8221;1\/3&#8243;][vc_single_image image=&#8221;149&#8243; img_size=&#8221;full&#8221; alignment=&#8221;center&#8221; onclick=&#8221;zoom&#8221;][\/vc_column_inner][vc_column_inner width=&#8221;2\/3&#8243;][vc_column_text]<\/p>\n<h2>Discos de Desbaste (DDD)<\/h2>\n<p>Os Discos de desbaste foram desenvolvidos para trabalhar em materiais como granito, m\u00e1rmores e pedras em geral. Por serem mais leves que os tradicionais rebolos, podem ser utilizados tanto em politrizes el\u00e9tricas quanto em politrizes pneum\u00e1ticas, evitando assim um desgaste precoce das ferramentas. Quando utilizados com refrigera\u00e7\u00e3o tem sua vida \u00fatil (rendimento) maior, mas, se necess\u00e1rio, podem ser utilizados sem refrigera\u00e7\u00e3o.<\/p>\n<p><strong>Especifica\u00e7\u00e3o T\u00e9cnica<\/strong><br \/>\nTamanho: 100mm \/ 115mm \/ 125mm \/ 150mm \/ 180mm<br \/>\nGr\u00e3os: #36<br \/>\nRosca: M14[\/vc_column_text][\/vc_column_inner][\/vc_row_inner][vc_row_inner css=&#8221;.vc_custom_1500258121952{margin-top: 0px !important;margin-bottom: 50px !important;border-bottom-width: 1px !important;padding-bottom: 70px !important;border-bottom-color: #c9c9c9 !important;border-bottom-style: solid !important;border-radius: 1px !important;}&#8221;][vc_column_inner width=&#8221;1\/3&#8243;][vc_single_image image=&#8221;150&#8243; img_size=&#8221;full&#8221; alignment=&#8221;center&#8221; onclick=&#8221;zoom&#8221;][\/vc_column_inner][vc_column_inner width=&#8221;2\/3&#8243;][vc_column_text]<\/p>\n<h2>Discos de Acabamento (DDA)<\/h2>\n<p>Os Discos de Acabamento foram desenvolvidos para trabalhar em materiais como granito, m\u00e1rmore, nanoglass, quartzos e em pedras em geral. Por serem mais leves que os tradicionais rebolos, podem ser utilizados tanto em politrizes el\u00e9tricas quanto em politrizes pneum\u00e1ticas, evitando assim um desgaste precoce das ferramentas. Se utilizados na sequ\u00eancia correta, os DDA substituem os gr\u00e3os iniciais das lixas diamantadas, gerando um baixo custo de produ\u00e7\u00e3o devido ao seu alto rendimento. Devem ser utilizados com refrigera\u00e7\u00e3o.<\/p>\n<p><strong>Especifica\u00e7\u00e3o T\u00e9cnica<\/strong><br \/>\nTamanho: 100mm<br \/>\nGr\u00e3os: #36 \/ #60 \/ #80 \/ #100 \/ #120 \/#150 \/ #180 \/ #220 \/ #320<br \/>\nRosca: M14[\/vc_column_text][\/vc_column_inner][\/vc_row_inner][vc_row_inner css=&#8221;.vc_custom_1500258121952{margin-top: 0px !important;margin-bottom: 50px !important;border-bottom-width: 1px !important;padding-bottom: 70px !important;border-bottom-color: #c9c9c9 !important;border-bottom-style: solid !important;border-radius: 1px !important;}&#8221;][vc_column_inner width=&#8221;1\/3&#8243;][vc_single_image image=&#8221;148&#8243; img_size=&#8221;full&#8221; alignment=&#8221;center&#8221; onclick=&#8221;zoom&#8221;][\/vc_column_inner][vc_column_inner width=&#8221;2\/3&#8243;][vc_column_text]<\/p>\n<h2>HTC Soft<\/h2>\n<p>Os abrasivos diamantados HTC foram desenvolvidos para trabalhar em materiais como o granito, m\u00e1rmore, granilite e concreto. Esses abrasivos servem para a prepara\u00e7\u00e3o do piso antes de iniciar o polimento do mesmo. De alta qualidade, propiciam um alto rendimento e um poder de desbaste que agiliza o trabalho. Podem ser utilizados com ou sem refrigera\u00e7\u00e3o, sendo que sugerimos a primeira op\u00e7\u00e3o para um melhor aproveitamento e rendimento do produto.<\/p>\n<p><strong>Especifica\u00e7\u00e3o T\u00e9cnica<\/strong><br \/>\nTamanho da Base:<br \/>\nTamanho do diamantado: 40x10x10mm<br \/>\nGr\u00e3os: #36 \/ #60 \/ #120<br \/>\n[\/vc_column_text][\/vc_column_inner][\/vc_row_inner][vc_row_inner css=&#8221;.vc_custom_1500258121952{margin-top: 0px !important;margin-bottom: 50px !important;border-bottom-width: 1px !important;padding-bottom: 70px !important;border-bottom-color: #c9c9c9 !important;border-bottom-style: solid !important;border-radius: 1px !important;}&#8221;][vc_column_inner width=&#8221;1\/3&#8243;][vc_single_image image=&#8221;209&#8243; img_size=&#8221;full&#8221; alignment=&#8221;center&#8221; onclick=&#8221;zoom&#8221;][\/vc_column_inner][vc_column_inner width=&#8221;2\/3&#8243;][vc_column_text]<\/p>\n<h2>Brocas diamantadas<\/h2>\n<p>As brocas diamantadas, tamb\u00e9m chamadas de serras copo, foram desenvolvidas para propiciar um furo preciso e suave. S\u00e3o utilizadas para abertura de furos de ralos, torneiras, bocas de pais e furos em geral. Podem ser utilizadas com furadeiras manuais ou de bancadas para aberturas em materiais como m\u00e1rmores, granitos, porcelanatos, pedras artificiais dentre outras.<\/p>\n<p><strong>Especifica\u00e7\u00e3o T\u00e9cnica:<\/strong><br \/>\nTamanhos: 6mm \/ 8mm \/ 10mm \/ 12mm \/ 15mm (Maci\u00e7as) 20mm \/ 25mm \/ 30mm \/ 32mm \/ 35mm \/ 40mm \/ 45mm \/ 50mm \/ 60mm \/ 80mm \/ 90mm \/ 100mm \/ 120mm (Segmentadas)<br \/>\nRosca: M14<br \/>\n[\/vc_column_text][\/vc_column_inner][\/vc_row_inner][vc_row_inner css=&#8221;.vc_custom_1500746754181{margin-top: 0px !important;margin-bottom: 50px !important;padding-bottom: 70px !important;}&#8221;][vc_column_inner width=&#8221;1\/3&#8243;][vc_single_image image=&#8221;151&#8243; img_size=&#8221;full&#8221; alignment=&#8221;center&#8221; onclick=&#8221;zoom&#8221;][\/vc_column_inner][vc_column_inner width=&#8221;2\/3&#8243;][vc_column_text]<\/p>\n<h2>Prato diamantado com velcro<\/h2>\n<p>Distribu\u00eddo com exclusividade pela ITRAC, o prato diamantado com velcro veio para revolucionar o mercado de revitaliza\u00e7\u00e3o de piso. Aliando alto poder de desbaste, praticidade e agilidade na troca dos gr\u00e3os, o prato diamantado com velcro reduz consideravelmente o tempo de servi\u00e7o, visto que com apenas uma base de velcro o servi\u00e7o pode ser finalizado, n\u00e3o havendo assim a necessidade de trocar a base para a transi\u00e7\u00e3o do desbaste para o polimento.<br \/>\nUtilizado para a remo\u00e7\u00e3o de tintas, colas, ep\u00f3xi, pap\u00e9is de parede e outras subst\u00e2ncias aderidas \u00e0 superf\u00edcie do piso.<\/p>\n<p><strong>Especifica\u00e7\u00e3o T\u00e9cnica<\/strong><br \/>\nTamanho: 100mm<br \/>\nEspessura: 4mm<br \/>\nGr\u00e3os: #16 \/ #30 \/ #50 \/ #100 \/ #220[\/vc_column_text][\/vc_column_inner][\/vc_row_inner][\/vc_column][\/vc_row]<\/p>\n","protected":false},"excerpt":{"rendered":"<p>[vc_row][vc_column][vc_row_inner css=&#8221;.vc_custom_1500258121952{margin-top: 0px !important;margin-bottom: 50px !important;border-bottom-width: 1px !important;padding-bottom: 70px !important;border-bottom-color: #c9c9c9 !important;border-bottom-style: solid !important;border-radius: 1px !important;}&#8221;][vc_column_inner width=&#8221;1\/3&#8243;][vc_single_image image=&#8221;149&#8243; img_size=&#8221;full&#8221; alignment=&#8221;center&#8221; onclick=&#8221;zoom&#8221;][\/vc_column_inner][vc_column_inner width=&#8221;2\/3&#8243;][vc_column_text] Discos de Desbaste (DDD)<span class=\"excerpt-hellip\"> [\u2026]<\/span><\/p>\n","protected":false},"author":1,"featured_media":0,"parent":0,"menu_order":0,"comment_status":"closed","ping_status":"closed","template":"","meta":[],"_links":{"self":[{"href":"http:\/\/itrac.com.br\/index.php\/wp-json\/wp\/v2\/pages\/69"}],"collection":[{"href":"http:\/\/itrac.com.br\/index.php\/wp-json\/wp\/v2\/pages"}],"about":[{"href":"http:\/\/itrac.com.br\/index.php\/wp-json\/wp\/v2\/types\/page"}],"author":[{"embeddable":true,"href":"http:\/\/itrac.com.br\/index.php\/wp-json\/wp\/v2\/users\/1"}],"replies":[{"embeddable":true,"href":"http:\/\/itrac.com.br\/index.php\/wp-json\/wp\/v2\/comments?post=69"}],"version-history":[{"count":8,"href":"http:\/\/itrac.com.br\/index.php\/wp-json\/wp\/v2\/pages\/69\/revisions"}],"predecessor-version":[{"id":232,"href":"http:\/\/itrac.com.br\/index.php\/wp-json\/wp\/v2\/pages\/69\/revisions\/232"}],"wp:attachment":[{"href":"http:\/\/itrac.com.br\/index.php\/wp-json\/wp\/v2\/media?parent=69"}],"curies":[{"name":"wp","href":"https:\/\/api.w.org\/{rel}","templated":true}]}}