{"id":67,"date":"2017-07-02T20:11:20","date_gmt":"2017-07-02T23:11:20","guid":{"rendered":"http:\/\/184.172.11.187\/~itraccom\/novo\/?page_id=67"},"modified":"2017-08-01T10:28:00","modified_gmt":"2017-08-01T13:28:00","slug":"abrasivos","status":"publish","type":"page","link":"http:\/\/itrac.com.br\/index.php\/abrasivos\/","title":{"rendered":"Abrasivos"},"content":{"rendered":"<p>[vc_row][vc_column][vc_column_text css=&#8221;.vc_custom_1500257787666{margin-bottom: 50px !important;border-bottom-width: 1px !important;padding-bottom: 50px !important;border-bottom-color: #e2e2e2 !important;border-bottom-style: solid !important;border-radius: 1px !important;}&#8221;]<\/p>\n<h4><strong>Lixas Diamantadas:<\/strong><\/h4>\n<p>Utilizadas para o polimento, revitaliza\u00e7\u00e3o ou manuten\u00e7\u00e3o de m\u00e1rmores, granitos, pedras artificiais, granilite, concreto entre outras.[\/vc_column_text][vc_row_inner css=&#8221;.vc_custom_1500258121952{margin-top: 0px !important;margin-bottom: 50px !important;border-bottom-width: 1px !important;padding-bottom: 70px !important;border-bottom-color: #c9c9c9 !important;border-bottom-style: solid !important;border-radius: 1px !important;}&#8221;][vc_column_inner width=&#8221;1\/3&#8243;][vc_single_image image=&#8221;123&#8243; img_size=&#8221;full&#8221; onclick=&#8221;zoom&#8221;][\/vc_column_inner][vc_column_inner width=&#8221;2\/3&#8243;][vc_column_text]<img loading=\"lazy\" class=\"alignnone size-full wp-image-139\" src=\"http:\/\/itrac.com.br\/wp-content\/uploads\/2017\/07\/slx-txt.png\" alt=\"\" width=\"59\" height=\"24\" srcset=\"http:\/\/itrac.com.br\/wp-content\/uploads\/2017\/07\/slx-txt.png 59w, http:\/\/itrac.com.br\/wp-content\/uploads\/2017\/07\/slx-txt-50x20.png 50w\" sizes=\"(max-width: 59px) 100vw, 59px\" \/><\/p>\n<p>As lixas diamantadas SLx s\u00e3o as lixas mais vers\u00e1teis do nosso portf\u00f3lio. Elas podem trabalhar tanto a seco quanto com \u00e1gua, em materiais naturais (m\u00e1rmores, granitos, quartzitos), em materiais artificiais (nanoglass, quartzos), granilite e concreto. Com sua base em velcro, podem ser utilizadas em politrizes manuais e industriais. Tem alto rendimento e propiciam um excelente brilho quando utilizadas em sua sequ\u00eancia completa.<\/p>\n<p><strong>Especifica\u00e7\u00e3o T\u00e9cnica<\/strong><br \/>\nDi\u00e2metro: 100mm \/ 125mm<br \/>\nEspessura: 3mm<br \/>\nGr\u00e3os: #50 \/ #100 \/ #200 \/ #400 \/ #800 \/ #1500 \/ #3000[\/vc_column_text][\/vc_column_inner][\/vc_row_inner][vc_row_inner css=&#8221;.vc_custom_1500258121952{margin-top: 0px !important;margin-bottom: 50px !important;border-bottom-width: 1px !important;padding-bottom: 70px !important;border-bottom-color: #c9c9c9 !important;border-bottom-style: solid !important;border-radius: 1px !important;}&#8221;][vc_column_inner width=&#8221;1\/3&#8243;][vc_single_image image=&#8221;144&#8243; img_size=&#8221;full&#8221; onclick=&#8221;zoom&#8221;][\/vc_column_inner][vc_column_inner width=&#8221;2\/3&#8243;][vc_column_text]<img loading=\"lazy\" class=\"alignnone size-full wp-image-140\" src=\"http:\/\/itrac.com.br\/wp-content\/uploads\/2017\/07\/slxe-txt.png\" alt=\"\" width=\"74\" height=\"24\" srcset=\"http:\/\/itrac.com.br\/wp-content\/uploads\/2017\/07\/slxe-txt.png 74w, http:\/\/itrac.com.br\/wp-content\/uploads\/2017\/07\/slxe-txt-50x16.png 50w\" sizes=\"(max-width: 74px) 100vw, 74px\" \/><\/p>\n<p>\u00c9 a linha econ\u00f4mica da lixa diamantada SLx.<br \/>\nElas podem trabalhar tanto a seco quanto com \u00e1gua, em materiais naturais (m\u00e1rmores, granitos, quartzitos), em materiais artificiais (nanoglass, quartzos), granilite e concreto.<br \/>\nCom sua base em velcro, podem ser utilizadas em politrizes manuais e industriais.<br \/>\nTem alto rendimento e propiciam um excelente brilho quando utilizadas em sua sequ\u00eancia completa.<br \/>\n<strong><br \/>\nEspecifica\u00e7\u00e3o T\u00e9cnica<\/strong><br \/>\nDi\u00e2metro: 100mm<br \/>\nEspessura: 3mm<br \/>\nGr\u00e3os: #50 \/ #100 \/ #200 \/ #400 \/ #800 \/ #1500 \/ #3000[\/vc_column_text][\/vc_column_inner][\/vc_row_inner][vc_row_inner css=&#8221;.vc_custom_1500258121952{margin-top: 0px !important;margin-bottom: 50px !important;border-bottom-width: 1px !important;padding-bottom: 70px !important;border-bottom-color: #c9c9c9 !important;border-bottom-style: solid !important;border-radius: 1px !important;}&#8221;][vc_column_inner width=&#8221;1\/3&#8243;][vc_single_image image=&#8221;125&#8243; img_size=&#8221;full&#8221; onclick=&#8221;zoom&#8221;][\/vc_column_inner][vc_column_inner width=&#8221;2\/3&#8243;][vc_column_text]<img loading=\"lazy\" class=\"alignnone size-full wp-image-138\" src=\"http:\/\/itrac.com.br\/wp-content\/uploads\/2017\/07\/sl-txt.png\" alt=\"\" width=\"34\" height=\"24\" \/><\/p>\n<p>As Lixas diamantadas SL foram desenvolvidas para o polimento exclusivamente \u00famido. Elas s\u00e3o ideais para o polimento de granitos e m\u00e1rmores.<br \/>\nCom sua base em velcro, podem ser utilizadas em politrizes manuais e industriais.<br \/>\nTem alto rendimento e propiciam um excelente brilho quando utilizadas em sua sequ\u00eancia completa.<br \/>\n<strong><br \/>\nEspecifica\u00e7\u00e3o T\u00e9cnica<\/strong><br \/>\nDi\u00e2metro: 100mm \/ 125mm<br \/>\nEspessura: 3mm<br \/>\nGr\u00e3os: #50 \/ #100 \/ #200 \/ #400 \/ #800 \/ #1500 \/ #3000[\/vc_column_text][\/vc_column_inner][\/vc_row_inner][vc_row_inner css=&#8221;.vc_custom_1500258121952{margin-top: 0px !important;margin-bottom: 50px !important;border-bottom-width: 1px !important;padding-bottom: 70px !important;border-bottom-color: #c9c9c9 !important;border-bottom-style: solid !important;border-radius: 1px !important;}&#8221;][vc_column_inner width=&#8221;1\/3&#8243;][vc_single_image image=&#8221;126&#8243; img_size=&#8221;full&#8221; onclick=&#8221;zoom&#8221;][\/vc_column_inner][vc_column_inner width=&#8221;2\/3&#8243;][vc_column_text]<img loading=\"lazy\" class=\"alignnone size-full wp-image-138\" src=\"http:\/\/itrac.com.br\/wp-content\/uploads\/2017\/07\/sle-txt.png\" alt=\"\" width=\"54\" height=\"24\" srcset=\"http:\/\/itrac.com.br\/wp-content\/uploads\/2017\/07\/sle-txt.png 54w, http:\/\/itrac.com.br\/wp-content\/uploads\/2017\/07\/sle-txt-50x22.png 50w\" sizes=\"(max-width: 54px) 100vw, 54px\" \/><\/p>\n<p>\u00c9 a linha econ\u00f4mica da Lixa Diamantas SL.<br \/>\nAs Lixas diamantadas SL foram desenvolvidas para o polimento exclusivamente \u00famido. Elas s\u00e3o ideais para o polimento de granitos e m\u00e1rmores.<br \/>\nCom sua base em velcro, podem ser utilizadas em politrizes manuais e industriais.<br \/>\nTem alto rendimento e propiciam um excelente brilho quando utilizadas em sua sequ\u00eancia completa.<\/p>\n<p><strong>Especifica\u00e7\u00e3o T\u00e9cnica<\/strong><br \/>\nDi\u00e2metro: 100mm<br \/>\nEspessura: 3mm<br \/>\nGr\u00e3os: #50 \/ #100 \/ #200 \/ #400 \/ #800 \/ #1500 \/ #3000[\/vc_column_text][\/vc_column_inner][\/vc_row_inner][vc_row_inner css=&#8221;.vc_custom_1500258121952{margin-top: 0px !important;margin-bottom: 50px !important;border-bottom-width: 1px !important;padding-bottom: 70px !important;border-bottom-color: #c9c9c9 !important;border-bottom-style: solid !important;border-radius: 1px !important;}&#8221;][vc_column_inner width=&#8221;1\/3&#8243;][vc_single_image image=&#8221;135&#8243; img_size=&#8221;full&#8221; onclick=&#8221;zoom&#8221;][\/vc_column_inner][vc_column_inner width=&#8221;2\/3&#8243;][vc_column_text]<\/p>\n<h2>Colm\u00e9ia<\/h2>\n<p>As Lixas Diamantadas Colm\u00e9ia tem esse nome devido ao seu desenho parecido com uma colmeia de abelha. Essas lixas s\u00e3o para o polimento exclusivamente a seco em m\u00e1rmores e granitos e ideais para removerem os riscos superficiais das pedras.<br \/>\nCom sua base em velcro, podem ser utilizadas em politrizes manuais e industriais.<br \/>\nTem alto rendimento e propiciam um excelente brilho quando utilizadas em sua sequ\u00eancia completa.<\/p>\n<p><strong>Especifica\u00e7\u00e3o T\u00e9cnica<\/strong><br \/>\nDi\u00e2metro: 100mm<br \/>\nEspessura: 2mm<br \/>\nGr\u00e3os: #50 \/ #100 \/ #200 \/ #400 \/ #800 \/ #1500 \/ #3000[\/vc_column_text][\/vc_column_inner][\/vc_row_inner][vc_row_inner css=&#8221;.vc_custom_1500258121952{margin-top: 0px !important;margin-bottom: 50px !important;border-bottom-width: 1px !important;padding-bottom: 70px !important;border-bottom-color: #c9c9c9 !important;border-bottom-style: solid !important;border-radius: 1px !important;}&#8221;][vc_column_inner width=&#8221;1\/3&#8243;][vc_single_image image=&#8221;130&#8243; img_size=&#8221;full&#8221; onclick=&#8221;zoom&#8221;][\/vc_column_inner][vc_column_inner width=&#8221;2\/3&#8243;][vc_column_text]<\/p>\n<h2>Convexa<\/h2>\n<p>As Lixas diamantadas convexas foram desenvolvidas para o polimento exclusivamente \u00famido. Elas s\u00e3o ideais para o polimento em \u201cbocas de pias\u201d de granitos e m\u00e1rmores, pois sua superf\u00edcie convexa permite chegar em cantos onde as lixas retas n\u00e3o alcan\u00e7am.<br \/>\nCom sua base em velcro, podem ser utilizadas em politrizes manuais.<br \/>\nTem alto rendimento e propiciam um excelente brilho quando utilizadas em sua sequ\u00eancia completa.<\/p>\n<p><strong>Especifica\u00e7\u00e3o T\u00e9cnica<\/strong><br \/>\nDi\u00e2metro: 100mm<br \/>\nEspessura: 3mm<br \/>\nGr\u00e3os: #50 \/ #100 \/ #200 \/ #400 \/ #800 \/ #1500 \/ #3000[\/vc_column_text][\/vc_column_inner][\/vc_row_inner][vc_row_inner css=&#8221;.vc_custom_1500258121952{margin-top: 0px !important;margin-bottom: 50px !important;border-bottom-width: 1px !important;padding-bottom: 70px !important;border-bottom-color: #c9c9c9 !important;border-bottom-style: solid !important;border-radius: 1px !important;}&#8221;][vc_column_inner width=&#8221;1\/3&#8243;][vc_single_image image=&#8221;132&#8243; img_size=&#8221;full&#8221; onclick=&#8221;zoom&#8221;][\/vc_column_inner][vc_column_inner width=&#8221;2\/3&#8243;][vc_column_text]<\/p>\n<h2>SL para Piso<\/h2>\n<p>As Lixas Diamantadas SL para Piso foram especialmente desenvolvidas para o setor de restaura\u00e7\u00e3o e revitaliza\u00e7\u00e3o de piso. Com uma espessura de 10mm, essas lixas propiciam alto rendimento e brilho, trazendo um excelente custo benef\u00edcio para o cliente. Devem ser utilizadas com \u00e1gua e em materiais naturais como o granito. Para um melhor resultado final devem ser utilizadas em sua sequ\u00eancia completa.<\/p>\n<p><strong>Especifica\u00e7\u00e3o T\u00e9cnica<\/strong><br \/>\nDi\u00e2metro: 80mm<br \/>\nEspessura: 10mm<br \/>\nGr\u00e3os: #50 \/ #100 \/ #200 \/ #400 \/ #800 \/ #1500 \/ #3000[\/vc_column_text][\/vc_column_inner][\/vc_row_inner][vc_row_inner css=&#8221;.vc_custom_1500258121952{margin-top: 0px !important;margin-bottom: 50px !important;border-bottom-width: 1px !important;padding-bottom: 70px !important;border-bottom-color: #c9c9c9 !important;border-bottom-style: solid !important;border-radius: 1px !important;}&#8221;][vc_column_inner width=&#8221;1\/3&#8243;][vc_single_image image=&#8221;131&#8243; img_size=&#8221;full&#8221; onclick=&#8221;zoom&#8221;][\/vc_column_inner][vc_column_inner width=&#8221;2\/3&#8243;][vc_column_text]<\/p>\n<h2>SL para Concreto<\/h2>\n<p>As Lixas Diamantadas SL para Piso foram especialmente desenvolvidas para o setor de restaura\u00e7\u00e3o e revitaliza\u00e7\u00e3o de concreto. Com uma espessura de 10mm, essas lixas propiciam alto rendimento e brilho, trazendo um excelente custo benef\u00edcio para o cliente. Devem ser utilizadas com \u00e1gua e para um melhor resultado final devem ser utilizadas em sua sequ\u00eancia completa.<\/p>\n<p><strong>Especifica\u00e7\u00e3o T\u00e9cnica<\/strong><br \/>\nDi\u00e2metro: 80mm<br \/>\nEspessura: 10mm<br \/>\nGr\u00e3os: #50 \/ #100 \/ #200 \/ #400 \/ #800 \/ #1500 \/ #3000[\/vc_column_text][\/vc_column_inner][\/vc_row_inner][vc_row_inner css=&#8221;.vc_custom_1500258532817{margin-top: 0px !important;margin-bottom: 50px !important;padding-bottom: 70px !important;}&#8221;][vc_column_inner width=&#8221;1\/3&#8243;][vc_single_image image=&#8221;133&#8243; img_size=&#8221;full&#8221; onclick=&#8221;zoom&#8221;][\/vc_column_inner][vc_column_inner width=&#8221;2\/3&#8243;][vc_column_text]<\/p>\n<h2>Lixa Norton F425 Durite<\/h2>\n<p>Essa lixa foi desenvolvida para acabamento em m\u00e1rmores e granitos. Deve ser utilizada para o polimento \u00e0 seco.<\/p>\n<p><strong>Especifica\u00e7\u00e3o T\u00e9cnica<\/strong><br \/>\nTamanho: 180mm<br \/>\nGr\u00e3os: #36 \/ #60 \/ #120 \/ #180[\/vc_column_text][\/vc_column_inner][\/vc_row_inner][\/vc_column][\/vc_row]<\/p>\n","protected":false},"excerpt":{"rendered":"<p>[vc_row][vc_column][vc_column_text css=&#8221;.vc_custom_1500257787666{margin-bottom: 50px !important;border-bottom-width: 1px !important;padding-bottom: 50px !important;border-bottom-color: #e2e2e2 !important;border-bottom-style: solid !important;border-radius: 1px !important;}&#8221;] Lixas Diamantadas: Utilizadas para o polimento, revitaliza\u00e7\u00e3o ou manuten\u00e7\u00e3o de m\u00e1rmores, granitos,<span class=\"excerpt-hellip\"> [\u2026]<\/span><\/p>\n","protected":false},"author":1,"featured_media":0,"parent":0,"menu_order":0,"comment_status":"closed","ping_status":"closed","template":"","meta":[],"_links":{"self":[{"href":"http:\/\/itrac.com.br\/index.php\/wp-json\/wp\/v2\/pages\/67"}],"collection":[{"href":"http:\/\/itrac.com.br\/index.php\/wp-json\/wp\/v2\/pages"}],"about":[{"href":"http:\/\/itrac.com.br\/index.php\/wp-json\/wp\/v2\/types\/page"}],"author":[{"embeddable":true,"href":"http:\/\/itrac.com.br\/index.php\/wp-json\/wp\/v2\/users\/1"}],"replies":[{"embeddable":true,"href":"http:\/\/itrac.com.br\/index.php\/wp-json\/wp\/v2\/comments?post=67"}],"version-history":[{"count":14,"href":"http:\/\/itrac.com.br\/index.php\/wp-json\/wp\/v2\/pages\/67\/revisions"}],"predecessor-version":[{"id":185,"href":"http:\/\/itrac.com.br\/index.php\/wp-json\/wp\/v2\/pages\/67\/revisions\/185"}],"wp:attachment":[{"href":"http:\/\/itrac.com.br\/index.php\/wp-json\/wp\/v2\/media?parent=67"}],"curies":[{"name":"wp","href":"https:\/\/api.w.org\/{rel}","templated":true}]}}